{"id":177,"date":"2021-11-07T17:52:45","date_gmt":"2021-11-07T16:52:45","guid":{"rendered":"https:\/\/ds-zirkel.de\/?page_id=177"},"modified":"2021-11-26T15:04:35","modified_gmt":"2021-11-26T14:04:35","slug":"startseite","status":"publish","type":"page","link":"https:\/\/ds-zirkel.de\/","title":{"rendered":"Mission Statement"},"content":{"rendered":"<p>Diese Seite ist eine Gratwanderung:<\/p>\n<p>Seit jahren wird in der D\/s Subkultur diskutiert, wie man es schafft, die eigenen Werte und Umgangsformen zu bewahren, aber gleichzeitig f\u00fcr interessierte Neueinsteiger ansprechbar zu bleiben.<\/p>\n<p>Etliche Gruppen haben sich rein ins private zur\u00fcckgezogen und sind in der BDSM-Szene nicht mehr anzutreffen, hier ist ein Austausch nur noch m\u00f6glich, wenn zuf\u00e4llig ein pers\u00f6nlicher Kontakt entsteht und das Thema D\/s ausnahmsweise mal zur Sprache kommt.<\/p>\n<p>Andererseits haben wir ein Interesse daran, mit Menschen die an einer Beziehung mit ernsthaftem Machtgef\u00e4lle interessiert sind, in Kontakt zu kommen. Allerdings haben &#8222;Szeneauftritte&#8220; oder auch Kontaktgesuche in entsprechenden BDSM-Foren eher ungewolltes Interesse erzeugt (&#8222;Macht ihr auch Frauentausch?&#8220; &#8211; &#8222;Nein, wir sind keine Swinger!&#8220;).<\/p>\n<p>Aus diesem Grund ist diese Seite der Versuch, darzustellen, was wir so treiben und interessierte Personen dazu zu animieren mit uns Kontakt aufzunehmen. Gleichzeitig aber auch Swingern oder eher hedonistisch orientierten Menschen klar zu machen, da\u00df wir eher nicht die richtige Gruppe f\u00fcr sie sind.<\/p>\n<p>In diesem Sinne,<br \/>\nviel Spa\u00df bei unseren Artikeln und Veranstaltungen.<\/p>\n<p>&nbsp;<\/p>\n<table style=\"width: 100%; border-collapse: collapse; border-color: #ff0000;\">\n<tbody>\n<tr style=\"background-color: #ff0000;\">\n<td style=\"width: 100%;\"><span style=\"color: #ffffff;\">Achtung Baustelle !<br \/>\n<\/span><\/td>\n<\/tr>\n<tr>\n<td style=\"width: 100%;\">Wir wissen alle: das Internet ist eine gro\u00dfe Baustelle. Aber diese Seite ist tats\u00e4chlich noch nicht in einem \u201ever\u00f6ffentlichungsw\u00fcrdigem\u201c Zustand. Also seid bitte noch nachsichtig, wenn nicht alles Funktioniert oder noch irgendwo englische Platzhalter, Testtexte oder nicht \u00fcbersetzte Schlagworte stehen \ud83d\ude42<\/p>\n<p>Viel Spa\u00df,<br \/>\nMoon-Beast<\/td>\n<\/tr>\n<\/tbody>\n<\/table>\n<h5><\/h5>\n","protected":false},"excerpt":{"rendered":"<p>Diese Seite ist eine Gratwanderung: Seit jahren wird in der D\/s Subkultur diskutiert, wie man es schafft, die eigenen Werte und Umgangsformen zu bewahren, aber gleichzeitig f\u00fcr interessierte Neueinsteiger ansprechbar zu bleiben. Etliche Gruppen haben sich rein ins private zur\u00fcckgezogen<\/p>\n<p><a href=\"https:\/\/ds-zirkel.de\/\" class=\"more-link\">Weiter Lesen &#8230;<span class=\"screen-reader-text\">Mission Statement<\/span><\/a><\/p>\n","protected":false},"author":1,"featured_media":0,"parent":0,"menu_order":0,"comment_status":"closed","ping_status":"closed","template":"templates\/right-sidebar.php","meta":{"_bbp_topic_count":0,"_bbp_reply_count":0,"_bbp_total_topic_count":0,"_bbp_total_reply_count":0,"_bbp_voice_count":0,"_bbp_anonymous_reply_count":0,"_bbp_topic_count_hidden":0,"_bbp_reply_count_hidden":0,"_bbp_forum_subforum_count":0,"footnotes":""},"class_list":["post-177","page","type-page","status-publish","hentry"],"_links":{"self":[{"href":"https:\/\/ds-zirkel.de\/index.php?rest_route=\/wp\/v2\/pages\/177","targetHints":{"allow":["GET"]}}],"collection":[{"href":"https:\/\/ds-zirkel.de\/index.php?rest_route=\/wp\/v2\/pages"}],"about":[{"href":"https:\/\/ds-zirkel.de\/index.php?rest_route=\/wp\/v2\/types\/page"}],"author":[{"embeddable":true,"href":"https:\/\/ds-zirkel.de\/index.php?rest_route=\/wp\/v2\/users\/1"}],"replies":[{"embeddable":true,"href":"https:\/\/ds-zirkel.de\/index.php?rest_route=%2Fwp%2Fv2%2Fcomments&post=177"}],"version-history":[{"count":9,"href":"https:\/\/ds-zirkel.de\/index.php?rest_route=\/wp\/v2\/pages\/177\/revisions"}],"predecessor-version":[{"id":318,"href":"https:\/\/ds-zirkel.de\/index.php?rest_route=\/wp\/v2\/pages\/177\/revisions\/318"}],"wp:attachment":[{"href":"https:\/\/ds-zirkel.de\/index.php?rest_route=%2Fwp%2Fv2%2Fmedia&parent=177"}],"curies":[{"name":"wp","href":"https:\/\/api.w.org\/{rel}","templated":true}]}}